{"id":11688,"date":"2026-01-24T15:19:40","date_gmt":"2026-01-24T12:19:40","guid":{"rendered":"https:\/\/bursaneonatolyesi.com.tr\/?post_type=product&#038;p=11688"},"modified":"2026-01-24T15:19:40","modified_gmt":"2026-01-24T12:19:40","slug":"better-together-dugun-dekorasyonu-neon-led-tabela","status":"publish","type":"product","link":"https:\/\/bursaneonatolyesi.com.tr\/?product=better-together-dugun-dekorasyonu-neon-led-tabela","title":{"rendered":"Better Together \u2013 D\u00fc\u011f\u00fcn Dekorasyonu \u2013 Neon Led Tabela"},"content":{"rendered":"<div>Neon Tabela\u00a0 adapt\u00f6r ile birlikte gelmektedir.<\/div>\n<div>\u00c7al\u0131\u015ft\u0131rmak i\u00e7in prize takman\u0131z yeterlidir.<\/div>\n<div>Farkl\u0131 bir \u00f6l\u00e7\u00fc veya Renkte yapt\u0131rmak istiyorsan\u0131z <a href=\"https:\/\/www.instagram.com\/bursaneonatolyesi\/\" target=\"_blank\" rel=\"noopener\">instagram<\/a>\u00a0veya\u00a0<a href=\"https:\/\/wa.me\/905304687666?text=Merhabalar,%20fiyat%20alabilir%20miyim?\" target=\"_blank\" rel=\"noopener\">Whatsapp\u00a0<\/a>\u00fczerinden ileti\u015fime ge\u00e7ebilirsiniz.<\/div>\n<div>\u00d6l\u00e7\u00fc: 65&#215;50 cm. B\u00fcy\u00fck veya k\u00fc\u00e7\u00fck i\u00e7in veya <a href=\"https:\/\/www.instagram.com\/bursaneonatolyesi\/\" target=\"_blank\" rel=\"noopener\">instagram<\/a>\u00a0veya\u00a0<a href=\"https:\/\/wa.me\/905304687666?text=Merhabalar,%20fiyat%20alabilir%20miyim?\" target=\"_blank\" rel=\"noopener\">Whatsapp<\/a>\u00a0\u00fczerinden bizimle ileti\u015fime ge\u00e7ebilirsiniz.<\/div>\n<div>Teslimat: 10 i\u015f g\u00fcn\u00fcd\u00fcr, Acil sipari\u015fleriniz i\u00e7in\u00a0<a href=\"https:\/\/www.instagram.com\/bursaneonatolyesi\/\" target=\"_blank\" rel=\"noopener\">instagram<\/a>\u00a0veya\u00a0<a href=\"https:\/\/wa.me\/905304687666?text=Merhabalar,%20fiyat%20alabilir%20miyim?\" target=\"_blank\" rel=\"noopener\">Whatsapp\u00a0<\/a>\u00fczerinden ileti\u015fime ge\u00e7ebilirsiniz.<\/div>\n","protected":false},"excerpt":{"rendered":"<p>Neon Tabela\u00a0 adapt\u00f6r ile birlikte gelmektedir. \u00c7al\u0131\u015ft\u0131rmak i\u00e7in prize takman\u0131z yeterlidir. Farkl\u0131 bir \u00f6l\u00e7\u00fc veya Renkte yapt\u0131rmak istiyorsan\u0131z instagram\u00a0veya\u00a0Whatsapp\u00a0\u00fczerinden ileti\u015fime ge\u00e7ebilirsiniz. \u00d6l\u00e7\u00fc: 65&#215;50 cm. B\u00fcy\u00fck veya k\u00fc\u00e7\u00fck i\u00e7in veya instagram\u00a0veya\u00a0Whatsapp\u00a0\u00fczerinden bizimle ileti\u015fime ge\u00e7ebilirsiniz. Teslimat: 10 i\u015f g\u00fcn\u00fcd\u00fcr, Acil sipari\u015fleriniz i\u00e7in\u00a0instagram\u00a0veya\u00a0Whatsapp\u00a0\u00fczerinden ileti\u015fime ge\u00e7ebilirsiniz.<\/p>\n","protected":false},"featured_media":11689,"comment_status":"open","ping_status":"closed","template":"","meta":[],"product_brand":[],"product_cat":[84],"product_tag":[144,143,145,141,146,142],"class_list":{"0":"post-11688","1":"product","2":"type-product","3":"status-publish","4":"has-post-thumbnail","6":"product_cat-parti-organizasyon","7":"product_tag-bride","8":"product_tag-engagement","9":"product_tag-groom","10":"product_tag-hennanight","11":"product_tag-party","12":"product_tag-wedding","14":"first","15":"instock","16":"sale","17":"shipping-taxable","18":"purchasable","19":"product-type-simple"},"_links":{"self":[{"href":"https:\/\/bursaneonatolyesi.com.tr\/index.php?rest_route=\/wp\/v2\/product\/11688","targetHints":{"allow":["GET"]}}],"collection":[{"href":"https:\/\/bursaneonatolyesi.com.tr\/index.php?rest_route=\/wp\/v2\/product"}],"about":[{"href":"https:\/\/bursaneonatolyesi.com.tr\/index.php?rest_route=\/wp\/v2\/types\/product"}],"replies":[{"embeddable":true,"href":"https:\/\/bursaneonatolyesi.com.tr\/index.php?rest_route=%2Fwp%2Fv2%2Fcomments&post=11688"}],"wp:featuredmedia":[{"embeddable":true,"href":"https:\/\/bursaneonatolyesi.com.tr\/index.php?rest_route=\/wp\/v2\/media\/11689"}],"wp:attachment":[{"href":"https:\/\/bursaneonatolyesi.com.tr\/index.php?rest_route=%2Fwp%2Fv2%2Fmedia&parent=11688"}],"wp:term":[{"taxonomy":"product_brand","embeddable":true,"href":"https:\/\/bursaneonatolyesi.com.tr\/index.php?rest_route=%2Fwp%2Fv2%2Fproduct_brand&post=11688"},{"taxonomy":"product_cat","embeddable":true,"href":"https:\/\/bursaneonatolyesi.com.tr\/index.php?rest_route=%2Fwp%2Fv2%2Fproduct_cat&post=11688"},{"taxonomy":"product_tag","embeddable":true,"href":"https:\/\/bursaneonatolyesi.com.tr\/index.php?rest_route=%2Fwp%2Fv2%2Fproduct_tag&post=11688"}],"curies":[{"name":"wp","href":"https:\/\/api.w.org\/{rel}","templated":true}]}}