{"id":11659,"date":"2026-01-24T13:41:08","date_gmt":"2026-01-24T10:41:08","guid":{"rendered":"https:\/\/bursaneonatolyesi.com.tr\/?post_type=product&#038;p=11659"},"modified":"2026-01-24T13:41:09","modified_gmt":"2026-01-24T10:41:09","slug":"galatasaray-takim-neon-led-tabela","status":"publish","type":"product","link":"https:\/\/bursaneonatolyesi.com.tr\/?product=galatasaray-takim-neon-led-tabela","title":{"rendered":"Galatasaray Tak\u0131m Neon Led Tabela"},"content":{"rendered":"<div>Neon Tabela\u00a0 adapt\u00f6r ile birlikte gelmektedir.<\/div>\n<div>\u00c7al\u0131\u015ft\u0131rmak i\u00e7in prize takman\u0131z yeterlidir.<\/div>\n<div>\u0130stedi\u011finiz \u00f6l\u00e7\u00fc ve tak\u0131m yapt\u0131rmak istiyorsan\u0131z <a href=\"https:\/\/www.instagram.com\/bursaneonatolyesi\/\" target=\"_blank\" rel=\"noopener\">instagram<\/a>\u00a0veya\u00a0<a href=\"https:\/\/wa.me\/905304687666?text=Merhabalar,%20fiyat%20alabilir%20miyim?\" target=\"_blank\" rel=\"noopener\">Whatsapp\u00a0<\/a>\u00fczerinden ileti\u015fime ge\u00e7ebilirsiniz.<\/div>\n<div>\u00d6l\u00e7\u00fc: 60 cm. B\u00fcy\u00fck veya k\u00fc\u00e7\u00fck i\u00e7in veya\u00a0<a href=\"https:\/\/www.instagram.com\/bursaneonatolyesi\/\" target=\"_blank\" rel=\"noopener\">instagram<\/a>\u00a0veya\u00a0<a href=\"https:\/\/wa.me\/905304687666?text=Merhabalar,%20fiyat%20alabilir%20miyim?\" target=\"_blank\" rel=\"noopener\">Whatsapp<\/a>\u00a0\u00fczerinden bizimle ileti\u015fime ge\u00e7ebilirsiniz.<\/div>\n<div>Teslimat: 10 i\u015f g\u00fcn\u00fcd\u00fcr, Acil sipari\u015fleriniz i\u00e7in\u00a0<a href=\"https:\/\/www.instagram.com\/bursaneonatolyesi\/\" target=\"_blank\" rel=\"noopener\">instagram<\/a>\u00a0veya\u00a0<a href=\"https:\/\/wa.me\/905304687666?text=Merhabalar,%20fiyat%20alabilir%20miyim?\" target=\"_blank\" rel=\"noopener\">Whatsapp\u00a0<\/a>\u00fczerinden ileti\u015fime ge\u00e7ebilirsiniz.<\/div>\n","protected":false},"excerpt":{"rendered":"<p>Neon Tabela\u00a0 adapt\u00f6r ile birlikte gelmektedir. \u00c7al\u0131\u015ft\u0131rmak i\u00e7in prize takman\u0131z yeterlidir. \u0130stedi\u011finiz \u00f6l\u00e7\u00fc ve tak\u0131m yapt\u0131rmak istiyorsan\u0131z instagram\u00a0veya\u00a0Whatsapp\u00a0\u00fczerinden ileti\u015fime ge\u00e7ebilirsiniz. \u00d6l\u00e7\u00fc: 60 cm. B\u00fcy\u00fck veya k\u00fc\u00e7\u00fck i\u00e7in veya\u00a0instagram\u00a0veya\u00a0Whatsapp\u00a0\u00fczerinden bizimle ileti\u015fime ge\u00e7ebilirsiniz. Teslimat: 10 i\u015f g\u00fcn\u00fcd\u00fcr, Acil sipari\u015fleriniz i\u00e7in\u00a0instagram\u00a0veya\u00a0Whatsapp\u00a0\u00fczerinden ileti\u015fime ge\u00e7ebilirsiniz.<\/p>\n","protected":false},"featured_media":11660,"comment_status":"open","ping_status":"closed","template":"","meta":[],"product_brand":[],"product_cat":[90],"product_tag":[138,140,136,137,98,134,133,135,139],"class_list":{"0":"post-11659","1":"product","2":"type-product","3":"status-publish","4":"has-post-thumbnail","6":"product_cat-taraftar","7":"product_tag-besiktas","8":"product_tag-bursaspor","9":"product_tag-fenerbahce","10":"product_tag-galatasaray","11":"product_tag-neonart","12":"product_tag-neonfutbol","13":"product_tag-neontabela","14":"product_tag-superlig","15":"product_tag-trabzonspor","17":"first","18":"instock","19":"sale","20":"shipping-taxable","21":"purchasable","22":"product-type-simple"},"_links":{"self":[{"href":"https:\/\/bursaneonatolyesi.com.tr\/index.php?rest_route=\/wp\/v2\/product\/11659","targetHints":{"allow":["GET"]}}],"collection":[{"href":"https:\/\/bursaneonatolyesi.com.tr\/index.php?rest_route=\/wp\/v2\/product"}],"about":[{"href":"https:\/\/bursaneonatolyesi.com.tr\/index.php?rest_route=\/wp\/v2\/types\/product"}],"replies":[{"embeddable":true,"href":"https:\/\/bursaneonatolyesi.com.tr\/index.php?rest_route=%2Fwp%2Fv2%2Fcomments&post=11659"}],"wp:featuredmedia":[{"embeddable":true,"href":"https:\/\/bursaneonatolyesi.com.tr\/index.php?rest_route=\/wp\/v2\/media\/11660"}],"wp:attachment":[{"href":"https:\/\/bursaneonatolyesi.com.tr\/index.php?rest_route=%2Fwp%2Fv2%2Fmedia&parent=11659"}],"wp:term":[{"taxonomy":"product_brand","embeddable":true,"href":"https:\/\/bursaneonatolyesi.com.tr\/index.php?rest_route=%2Fwp%2Fv2%2Fproduct_brand&post=11659"},{"taxonomy":"product_cat","embeddable":true,"href":"https:\/\/bursaneonatolyesi.com.tr\/index.php?rest_route=%2Fwp%2Fv2%2Fproduct_cat&post=11659"},{"taxonomy":"product_tag","embeddable":true,"href":"https:\/\/bursaneonatolyesi.com.tr\/index.php?rest_route=%2Fwp%2Fv2%2Fproduct_tag&post=11659"}],"curies":[{"name":"wp","href":"https:\/\/api.w.org\/{rel}","templated":true}]}}